{"id":987,"date":"2019-03-06T22:47:00","date_gmt":"2019-03-06T21:47:00","guid":{"rendered":"https:\/\/www.usc-krumbach.at\/demo\/?page_id=987"},"modified":"2022-08-16T14:02:31","modified_gmt":"2022-08-16T12:02:31","slug":"kampfmannschaft","status":"publish","type":"page","link":"https:\/\/www.usc-krumbach.at\/?page_id=987","title":{"rendered":"Kampfmannschaft"},"content":{"rendered":"\n<figure class=\"wp-block-image size-large\"><img decoding=\"async\" loading=\"lazy\" width=\"1024\" height=\"613\" src=\"https:\/\/www.usc-krumbach.at\/wp-content\/uploads\/2022\/08\/USC-Mannschaftsfoto-1024x613.jpg\" alt=\"\" class=\"wp-image-4794\" srcset=\"https:\/\/www.usc-krumbach.at\/wp-content\/uploads\/2022\/08\/USC-Mannschaftsfoto-1024x613.jpg 1024w, https:\/\/www.usc-krumbach.at\/wp-content\/uploads\/2022\/08\/USC-Mannschaftsfoto-300x180.jpg 300w, https:\/\/www.usc-krumbach.at\/wp-content\/uploads\/2022\/08\/USC-Mannschaftsfoto-768x460.jpg 768w, https:\/\/www.usc-krumbach.at\/wp-content\/uploads\/2022\/08\/USC-Mannschaftsfoto-1536x919.jpg 1536w, https:\/\/www.usc-krumbach.at\/wp-content\/uploads\/2022\/08\/USC-Mannschaftsfoto-370x221.jpg 370w, https:\/\/www.usc-krumbach.at\/wp-content\/uploads\/2022\/08\/USC-Mannschaftsfoto-770x461.jpg 770w, https:\/\/www.usc-krumbach.at\/wp-content\/uploads\/2022\/08\/USC-Mannschaftsfoto.jpg 1871w\" sizes=\"(max-width: 1024px) 100vw, 1024px\" \/><\/figure>\n\n\n\n<p><strong>Stehend v.l.n.r.:<\/strong> Constantin Aigner, Fabio Schwarz, Kevin Windisch, Andreas Stra\u00dfg\u00fctl, Jacob Zingl, Manuel Aigner, Patrick Dorfstetter, Fabio Ortner, Christoph H\u00f6fer, Patrick Freiler, Zsolt Szekely, Bernhard Aigner, Robert Geyer<br><strong>Knieend v.l.n.r.:<\/strong> Stefan Reisenbauer, Laurenz Zingl, David Pernsteiner, Elias Piribauer, Alexander Riegler, Attila Fischer, Thomas Kager, J\u00fcrgen Hanke, Richard Szabo, Christoph Riegler, Rene Litschauer<\/p>\n\n\n\n<hr class=\"wp-block-separator has-css-opacity is-style-wide\"\/>\n\n\n\n<div class=\"wp-block-columns has-2-columns is-layout-flex wp-container-5\">\n<div class=\"wp-block-column is-layout-flow\">\n<h4 class=\"wp-block-heading\">Tabelle<\/h4>\n\n\n\n<ul><li><a href=\"https:\/\/www.noefv.at\/Portal\/Tabellen-Ergebnisse\/NOEFV-2Klasse-2KlasseWechsel\/Tabelle\">Fussballoesterreich.at<\/a><\/li><\/ul>\n\n\n\n<h4 class=\"wp-block-heading\">Trainer<\/h4>\n\n\n\n<div class=\"wp-block-columns has-1-columns is-layout-flex wp-container-2\">\n<div class=\"wp-block-column is-layout-flow\">\n<p><strong>Robert Geyer<\/strong><br>Trainer <br><a href=\"mailto:robert.geyer3@gmail.com\">robert.geyer3@gmail.com<\/a><br><a href=\"tel:+436505004290\">+43 650 5004290<\/a><\/p>\n<\/div>\n<\/div>\n<\/div>\n\n\n\n<div class=\"wp-block-column is-layout-flow\">\n<h4 class=\"wp-block-heading\">Werde einer von uns!<\/h4>\n\n\n\n<p>Du spielst gerne Fu\u00dfball und m\u00f6chtest unserer Mannschaft beitreten oder einmal mit trainieren?<br>Schau einfach mal bei einem Spiel oder Training vorbei.<\/p>\n\n\n\n<p>Du kannst uns nat\u00fcrlich auch einfach ansprechen oder anrufen:<\/p>\n\n\n\n<div class=\"wp-block-button\"><a class=\"wp-block-button__link\" href=\"https:\/\/www.usc-krumbach.at\/?page_id=993\">In Kontakt treten<\/a><\/div>\n\n\n\n<h4 class=\"wp-block-heading\">Netzwerke<\/h4>\n\n\n\n<ul><li><a href=\"https:\/\/www.facebook.com\/usckrumbach\/\">Facebook<\/a><\/li><\/ul>\n<\/div>\n<\/div>\n\n\n\n<p><\/p>\n","protected":false},"excerpt":{"rendered":"<p>Stehend v.l.n.r.: Constantin Aigner, Fabio Schwarz, Kevin Windisch, Andreas Stra\u00dfg\u00fctl, Jacob Zingl, Manuel Aigner, Patrick Dorfstetter, Fabio Ortner, Christoph H\u00f6fer, Patrick Freiler, Zsolt Szekely, Bernhard Aigner, Robert GeyerKnieend v.l.n.r.: Stefan Reisenbauer, Laurenz Zingl, David&hellip;<\/p>\n","protected":false},"author":9,"featured_media":0,"parent":1043,"menu_order":0,"comment_status":"closed","ping_status":"closed","template":"","meta":{"jetpack_post_was_ever_published":false},"jetpack_sharing_enabled":true,"_links":{"self":[{"href":"https:\/\/www.usc-krumbach.at\/index.php?rest_route=\/wp\/v2\/pages\/987"}],"collection":[{"href":"https:\/\/www.usc-krumbach.at\/index.php?rest_route=\/wp\/v2\/pages"}],"about":[{"href":"https:\/\/www.usc-krumbach.at\/index.php?rest_route=\/wp\/v2\/types\/page"}],"author":[{"embeddable":true,"href":"https:\/\/www.usc-krumbach.at\/index.php?rest_route=\/wp\/v2\/users\/9"}],"replies":[{"embeddable":true,"href":"https:\/\/www.usc-krumbach.at\/index.php?rest_route=%2Fwp%2Fv2%2Fcomments&post=987"}],"version-history":[{"count":31,"href":"https:\/\/www.usc-krumbach.at\/index.php?rest_route=\/wp\/v2\/pages\/987\/revisions"}],"predecessor-version":[{"id":4796,"href":"https:\/\/www.usc-krumbach.at\/index.php?rest_route=\/wp\/v2\/pages\/987\/revisions\/4796"}],"up":[{"embeddable":true,"href":"https:\/\/www.usc-krumbach.at\/index.php?rest_route=\/wp\/v2\/pages\/1043"}],"wp:attachment":[{"href":"https:\/\/www.usc-krumbach.at\/index.php?rest_route=%2Fwp%2Fv2%2Fmedia&parent=987"}],"curies":[{"name":"wp","href":"https:\/\/api.w.org\/{rel}","templated":true}]}}