{"id":1139,"date":"2019-03-09T13:44:05","date_gmt":"2019-03-09T12:44:05","guid":{"rendered":"https:\/\/www.usc-krumbach.at\/demo\/?page_id=1139"},"modified":"2023-12-11T22:14:25","modified_gmt":"2023-12-11T21:14:25","slug":"u14","status":"publish","type":"page","link":"https:\/\/www.usc-krumbach.at\/?page_id=1139","title":{"rendered":"SPG U14"},"content":{"rendered":"<div class=\"wp-block-image\">\n<figure class=\"aligncenter size-full\"><img decoding=\"async\" loading=\"lazy\" width=\"1024\" height=\"768\" src=\"https:\/\/www.usc-krumbach.at\/wp-content\/uploads\/2023\/12\/8977debf-f61a-4c21-a2c5-baf7b5351f21.jpg\" alt=\"\" class=\"wp-image-5733\" srcset=\"https:\/\/www.usc-krumbach.at\/wp-content\/uploads\/2023\/12\/8977debf-f61a-4c21-a2c5-baf7b5351f21.jpg 1024w, https:\/\/www.usc-krumbach.at\/wp-content\/uploads\/2023\/12\/8977debf-f61a-4c21-a2c5-baf7b5351f21-300x225.jpg 300w, https:\/\/www.usc-krumbach.at\/wp-content\/uploads\/2023\/12\/8977debf-f61a-4c21-a2c5-baf7b5351f21-768x576.jpg 768w, https:\/\/www.usc-krumbach.at\/wp-content\/uploads\/2023\/12\/8977debf-f61a-4c21-a2c5-baf7b5351f21-370x278.jpg 370w, https:\/\/www.usc-krumbach.at\/wp-content\/uploads\/2023\/12\/8977debf-f61a-4c21-a2c5-baf7b5351f21-770x578.jpg 770w\" sizes=\"(max-width: 1024px) 100vw, 1024px\" \/><\/figure><\/div>\n\n\n<hr class=\"wp-block-separator has-css-opacity is-style-wide\"\/>\n\n\n\n<div class=\"wp-block-columns has-2-columns is-layout-flex wp-container-7\">\n<div class=\"wp-block-column is-layout-flow\">\n<h4 class=\"wp-block-heading\">Trainer<\/h4>\n\n\n\n<div class=\"wp-block-columns has-2-columns is-layout-flex wp-container-3\">\n<div class=\"wp-block-column is-layout-flow\">\n<figure class=\"wp-block-image size-full\"><img decoding=\"async\" loading=\"lazy\" width=\"80\" height=\"100\" src=\"https:\/\/www.usc-krumbach.at\/wp-content\/uploads\/2022\/08\/grafik.png\" alt=\"\" class=\"wp-image-4828\"\/><\/figure>\n\n\n\n<p><strong>Andreas Parrer <\/strong><br>Trainer<br><a href=\"mailto:andreas.parrer@gmx.at\">andreas.parrer@gmx.at<\/a> <br><a href=\"tel:0650 4505857\">0650 4505857<\/a> <\/p>\n<\/div>\n\n\n\n<div class=\"wp-block-column is-layout-flow\">\n<figure class=\"wp-block-image size-full\"><img decoding=\"async\" loading=\"lazy\" width=\"80\" height=\"99\" src=\"https:\/\/www.usc-krumbach.at\/wp-content\/uploads\/2022\/08\/grafik-1.png\" alt=\"\" class=\"wp-image-4829\"\/><\/figure>\n\n\n\n<p><strong>Rene Beiglb\u00f6ck <\/strong><br>Co-Trainer <br><a href=\"mailto:grisu1200@yahoo.de\">grisu1200@yahoo.de<\/a>  <br><a href=\"tel:0664 4601751\">0664 4601751<\/a> <\/p>\n<\/div>\n<\/div>\n<\/div>\n\n\n\n<div class=\"wp-block-column is-layout-flow\">\n<h4 class=\"wp-block-heading\">Werde einer von uns!<\/h4>\n\n\n\n<p>Du spielst gerne Fu\u00dfball und m\u00f6chtest unserer Mannschaft beitreten oder einmal mit trainieren?<br>Schau einfach mal bei einen Spiel oder Training vorbei.<\/p>\n\n\n\n<p>Du kannst uns nat\u00fcrlich auch einfach ansprechen oder anrufen:<\/p>\n\n\n\n<div class=\"wp-block-buttons is-layout-flex\">\n<div class=\"wp-block-button\"><a class=\"wp-block-button__link no-border-radius wp-element-button\" href=\"https:\/\/www.usc-krumbach.at\/?page_id=993\">In Kontakt treten<\/a><\/div>\n<\/div>\n\n\n\n<h4 class=\"wp-block-heading\">Netzwerke<\/h4>\n\n\n\n<ul>\n<li><a href=\"https:\/\/www.facebook.com\/usckrumbach\/\">Facebook<\/a><\/li>\n<\/ul>\n<\/div>\n<\/div>\n\n\n\n<p><\/p>\n","protected":false},"excerpt":{"rendered":"<p>Trainer Andreas Parrer Trainerandreas.parrer@gmx.at 0650 4505857 Rene Beiglb\u00f6ck Co-Trainer grisu1200@yahoo.de 0664 4601751 Werde einer von uns! Du spielst gerne Fu\u00dfball und m\u00f6chtest unserer Mannschaft beitreten oder einmal mit trainieren?Schau einfach mal bei einen Spiel&hellip;<\/p>\n","protected":false},"author":9,"featured_media":0,"parent":1043,"menu_order":0,"comment_status":"closed","ping_status":"closed","template":"","meta":{"jetpack_post_was_ever_published":false},"jetpack_sharing_enabled":true,"_links":{"self":[{"href":"https:\/\/www.usc-krumbach.at\/index.php?rest_route=\/wp\/v2\/pages\/1139"}],"collection":[{"href":"https:\/\/www.usc-krumbach.at\/index.php?rest_route=\/wp\/v2\/pages"}],"about":[{"href":"https:\/\/www.usc-krumbach.at\/index.php?rest_route=\/wp\/v2\/types\/page"}],"author":[{"embeddable":true,"href":"https:\/\/www.usc-krumbach.at\/index.php?rest_route=\/wp\/v2\/users\/9"}],"replies":[{"embeddable":true,"href":"https:\/\/www.usc-krumbach.at\/index.php?rest_route=%2Fwp%2Fv2%2Fcomments&post=1139"}],"version-history":[{"count":19,"href":"https:\/\/www.usc-krumbach.at\/index.php?rest_route=\/wp\/v2\/pages\/1139\/revisions"}],"predecessor-version":[{"id":5735,"href":"https:\/\/www.usc-krumbach.at\/index.php?rest_route=\/wp\/v2\/pages\/1139\/revisions\/5735"}],"up":[{"embeddable":true,"href":"https:\/\/www.usc-krumbach.at\/index.php?rest_route=\/wp\/v2\/pages\/1043"}],"wp:attachment":[{"href":"https:\/\/www.usc-krumbach.at\/index.php?rest_route=%2Fwp%2Fv2%2Fmedia&parent=1139"}],"curies":[{"name":"wp","href":"https:\/\/api.w.org\/{rel}","templated":true}]}}